{"id":8,"date":"2023-07-05T14:18:52","date_gmt":"2023-07-05T12:18:52","guid":{"rendered":"https:\/\/kunden.jpberlin.de\/mila-o\/www.mila-o.org\/?page_id=8"},"modified":"2025-03-18T08:33:51","modified_gmt":"2025-03-18T07:33:51","slug":"sortiment","status":"publish","type":"page","link":"https:\/\/www.mila-o.org\/index.php\/sortiment\/","title":{"rendered":"Ein Blick ins Sortiment"},"content":{"rendered":"\n<figure class=\"wp-block-image\"><img decoding=\"async\" src=\"https:\/\/static.wixstatic.com\/media\/d467167814874a0fa4a13434e4c0ed63.jpg\/v1\/fill\/w_1670,h_216,al_c,q_85,usm_2.00_1.00_0.00,enc_auto\/d467167814874a0fa4a13434e4c0ed63.jpg\" alt=\"gegrillte Maiskolben\"\/><\/figure>\n\n\n\n<h2 class=\"wp-block-heading\">Bewusst ausgew\u00e4hlt<\/h2>\n\n\n\n<p class=\"has-background\" style=\"background-color:#9b51e014\">Das Herzst\u00fcck des Mila O. ist sein Bio-Sortiment!<\/p>\n\n\n\n<p class=\"has-background\" style=\"background-color:#9b51e014\">Mit der Auswahl unseres Sortiments wollen wir einen Beitrag leisten zum Erhalt unserer Umwelt. Aus diesem Grund findet ihr bei uns eine reichhaltige Auswahl an unverpackten Lebensmitteln. \u00dcberdies besteht unser Sortiment zu einem gro\u00dfen Teil aus veganen Produkten.<\/p>\n\n\n\n<p class=\"has-background\" style=\"background-color:#9b51e014\">Der CO2-Reduktion wegen bevorzugen wir Lebensmittel aus regionaler oder lokaler Erzeugung. Ihr findet in unserem Laden Honig aus hiesigen Imkereien, Brot und Eier aus Kaufungen und Umgebung, Linsen aus dem Hessischen Bergland und nat\u00fcrlich auch Gem\u00fcse von regionalen Bio-H\u00f6fen.<\/p>\n\n\n\n<p class=\"has-background\" style=\"background-color:#9b51e014\">Neben der gro\u00dfen veganen Auswahl ist unsere ausgesuchte K\u00e4setheke ein weiteres kleines Juwel &#8211; hier findet ihr einige K\u00e4sesorten, die von der Kommune Niederkaufungen produziert werden sowie die vegane Lebewurst, die von der Lossek\u00fcche in Oberkaufungen hergestellt wird.<\/p>\n\n\n\n<figure class=\"wp-block-image size-full\"><img loading=\"lazy\" decoding=\"async\" width=\"2896\" height=\"1944\" src=\"https:\/\/www.mila-o.org\/ftp:\/\/www.mila-o.org@ftp.jpberlin.de\/wp-content\/uploads\/2023\/08\/kaese04.jpg\" alt=\"\" class=\"wp-image-404\"\/><\/figure>\n\n\n\n<h2 class=\"wp-block-heading\">Einfach zu verstehen<\/h2>\n\n\n\n<p class=\"has-background\" style=\"background-color:#9b51e014\">Vegane Ern\u00e4hrung bedeutet \u00f6kologische Ern\u00e4hrung, daher ist jedes der vielen veganen Produkte mit einem gr\u00fcnen Punkt auf dem Preisschild gekennzeichnet, um euch den veganen Einkauf zu erleichtern! Ein weiterer roter Punkt zeigt Alkohol an, wo er erstmal nicht vermutet wird, zum Beispiel in Schokoloade.<\/p>\n\n\n\n<p class=\"has-background\" style=\"background-color:#9b51e014\">Alle auf einen Blick: Regionale Produkte finden sich in unserem Regional-Regal an der Fensterfront in der N\u00e4he des Gem\u00fcse-Bereichs!  Neue Artikel lassen sich an der Beschilderung erkennen, dazu werden sie im Kassenbereich pr\u00e4sentiert.<\/p>\n\n\n\n<p class=\"has-background\" style=\"background-color:#9b51e014\">So m\u00f6chten wir in der sehr diffusen Siegel- und Zertifikate-Landschaft ein bisschen \u00dcbersichtlichkeit herstellen. Zudem wird jedes Produkt mit zwei Preisen ausgezeichnet, den niedrigeren zahlen unsere Mitglieder, den h\u00f6heren die Kund*innen ohne Mitgliedschaft (weitere Infos findest dazu findest du <a href=\"https:\/\/kunden.jpberlin.de\/mila-o\/www.mila-o.org\/index.php\/deine-mitgliedschaft-bei-uns\/\" data-type=\"page\" data-id=\"351\">hier<\/a>).<\/p>\n\n\n<div class=\"n2-section-smartslider fitvidsignore  n2_clear\" data-ssid=\"3\" tabindex=\"0\" role=\"region\" aria-label=\"Slider\"><div id=\"n2-ss-3-align\" class=\"n2-ss-align\" style=\"margin: 0 auto; max-width: 1200px;\"><div class=\"n2-padding\"><div id=\"n2-ss-3\" data-creator=\"Smart Slider 3\" data-responsive=\"auto\" class=\"n2-ss-slider n2-ow n2-has-hover n2notransition  \">\n\n\n\n<div class=\"n2-ss-slider-wrapper-outside\" style=\"grid-template-rows:1fr auto\"><div class=\"n2-ss-slider-wrapper-inside\">\n        <div class=\"n2-ss-slider-1 n2_ss__touch_element n2-ow\">\n            <div class=\"n2-ss-slider-2 n2-ow\">\n                                                <div class=\"n2-ss-slider-3 n2-ow\">\n\n                    <div class=\"n2-ss-slide-backgrounds n2-ow-all\"><div class=\"n2-ss-slide-background\" data-public-id=\"1\" data-mode=\"fill\" aria-hidden=\"true\"><div class=\"n2-ss-slide-background-image\" data-blur=\"0\" data-opacity=\"100\" data-x=\"43\" data-y=\"89\" data-alt=\"slide 1\" data-title=\"\" style=\"--ss-o-pos-x:43%;--ss-o-pos-y:89%\"><picture class=\"skip-lazy\" data-skip-lazy=\"1\"><img decoding=\"async\" src=\"\/\/www.mila-o.org\/ftp:\/\/www.mila-o.org@ftp.jpberlin.de\/wp-content\/uploads\/slider\/cache\/4027e6bfa98c0801ae8320b338cc1881\/kaese02.jpg\" alt=\"slide 1\" title=\"\" loading=\"lazy\" class=\"skip-lazy\" data-skip-lazy=\"1\"><\/picture><\/div><div data-color=\"RGBA(255,255,255,0)\" style=\"background-color: RGBA(255,255,255,0);\" class=\"n2-ss-slide-background-color\"><\/div><\/div><div class=\"n2-ss-slide-background\" data-public-id=\"2\" data-mode=\"fill\"><div class=\"n2-ss-slide-background-image\" data-blur=\"0\" data-opacity=\"100\" data-x=\"62\" data-y=\"50\" data-alt=\"\" data-title=\"\" style=\"--ss-o-pos-x:62%\"><picture class=\"skip-lazy\" data-skip-lazy=\"1\"><img decoding=\"async\" src=\"\/\/www.mila-o.org\/ftp:\/\/www.mila-o.org@ftp.jpberlin.de\/wp-content\/uploads\/slider\/cache\/42639e6f880e3575c3ed528ee11f193e\/gemuese-makro-05.jpg\" alt=\"\" title=\"\" loading=\"lazy\" class=\"skip-lazy\" data-skip-lazy=\"1\"><\/picture><\/div><div data-color=\"RGBA(255,255,255,0)\" style=\"background-color: RGBA(255,255,255,0);\" class=\"n2-ss-slide-background-color\"><\/div><\/div><div class=\"n2-ss-slide-background\" data-public-id=\"3\" data-mode=\"fill\" aria-hidden=\"true\"><div class=\"n2-ss-slide-background-image\" data-blur=\"0\" data-opacity=\"100\" data-x=\"50\" data-y=\"50\" data-alt=\"\" data-title=\"\"><picture class=\"skip-lazy\" data-skip-lazy=\"1\"><img decoding=\"async\" src=\"\/\/www.mila-o.org\/ftp:\/\/www.mila-o.org@ftp.jpberlin.de\/wp-content\/uploads\/slider\/cache\/0b27b287fbe52d4755c39cf68301278e\/vegan01.jpg\" alt=\"\" title=\"\" loading=\"lazy\" class=\"skip-lazy\" data-skip-lazy=\"1\"><\/picture><\/div><div data-color=\"RGBA(255,255,255,0)\" style=\"background-color: RGBA(255,255,255,0);\" class=\"n2-ss-slide-background-color\"><\/div><\/div><div class=\"n2-ss-slide-background\" data-public-id=\"4\" data-mode=\"fill\" aria-hidden=\"true\"><div class=\"n2-ss-slide-background-image\" data-blur=\"0\" data-opacity=\"100\" data-x=\"50\" data-y=\"77\" data-alt=\"\" data-title=\"\" style=\"--ss-o-pos-y:77%\"><picture class=\"skip-lazy\" data-skip-lazy=\"1\"><img decoding=\"async\" src=\"\/\/www.mila-o.org\/ftp:\/\/www.mila-o.org@ftp.jpberlin.de\/wp-content\/uploads\/slider\/cache\/02b62ddd068b1fdfe4c7c658988a55e1\/wein01.jpg\" alt=\"\" title=\"\" loading=\"lazy\" class=\"skip-lazy\" data-skip-lazy=\"1\"><\/picture><\/div><div data-color=\"RGBA(255,255,255,0)\" style=\"background-color: RGBA(255,255,255,0);\" class=\"n2-ss-slide-background-color\"><\/div><\/div><div class=\"n2-ss-slide-background\" data-public-id=\"5\" data-mode=\"fill\" aria-hidden=\"true\"><div class=\"n2-ss-slide-background-image\" data-blur=\"0\" data-opacity=\"100\" data-x=\"58\" data-y=\"60\" data-alt=\"\" data-title=\"\" style=\"--ss-o-pos-x:58%;--ss-o-pos-y:60%\"><picture class=\"skip-lazy\" data-skip-lazy=\"1\"><img decoding=\"async\" src=\"\/\/www.mila-o.org\/ftp:\/\/www.mila-o.org@ftp.jpberlin.de\/wp-content\/uploads\/slider\/cache\/be9531a88bc418fe827e361b42453809\/back05.jpg\" alt=\"\" title=\"\" loading=\"lazy\" class=\"skip-lazy\" data-skip-lazy=\"1\"><\/picture><\/div><div data-color=\"RGBA(255,255,255,0)\" style=\"background-color: RGBA(255,255,255,0);\" class=\"n2-ss-slide-background-color\"><\/div><\/div><\/div>                    <div class=\"n2-ss-slider-4 n2-ow\">\n                        <svg xmlns=\"http:\/\/www.w3.org\/2000\/svg\" viewBox=\"0 0 1200 600\" data-related-device=\"desktopPortrait\" class=\"n2-ow n2-ss-preserve-size n2-ss-preserve-size--slider n2-ss-slide-limiter\"><\/svg><div data-slide-duration=\"0\" data-id=\"6\" data-slide-public-id=\"1\" aria-hidden=\"true\" data-title=\"Image Slide 2\" class=\"n2-ss-slide n2-ow  n2-ss-slide-6\"><div role=\"note\" class=\"n2-ss-slide--focus\" tabindex=\"-1\">Image Slide 2<\/div><div class=\"n2-ss-layers-container n2-ss-slide-limiter n2-ow\"><div class=\"n2-ss-layer n2-ow n-uc-WB0aXPqDvIjJ\" data-sstype=\"slide\" data-pm=\"default\"><div class=\"n2-ss-layer n2-ow n-uc-1beb93a18130d\" data-pm=\"default\" data-sstype=\"content\" data-hasbackground=\"0\"><div class=\"n2-ss-section-main-content n2-ss-layer-with-background n2-ss-layer-content n2-ow n-uc-1beb93a18130d-inner\"><div class=\"n2-ss-layer n2-ow n-uc-lJjILd2X43ZJ n2-ss-layer--auto\" data-pm=\"normal\" data-sstype=\"layer\"><div id=\"n2-ss-3item1\" class=\"n2-font-28bee13f3574d7032d767f09f9d8ee11-hover n2-style-f04cc1cbb7e5d123678bfad3a191fa78-heading   n2-ss-item-content n2-ss-text n2-ow\" style=\"display:inline-block;\">Viele lokale K\u00e4sesorten sowie Spezialit\u00e4ten aus ganz Europa<\/div><\/div><\/div><\/div><\/div><\/div><\/div><div data-first=\"1\" data-slide-duration=\"0\" data-id=\"7\" data-slide-public-id=\"2\" data-title=\"Gem\u00fcse\" class=\"n2-ss-slide n2-ow  n2-ss-slide-7\"><div role=\"note\" class=\"n2-ss-slide--focus\" tabindex=\"-1\">Gem\u00fcse<\/div><div class=\"n2-ss-layers-container n2-ss-slide-limiter n2-ow\"><div class=\"n2-ss-layer n2-ow n-uc-dv1Ys2bhhiRx\" data-sstype=\"slide\" data-pm=\"default\"><div class=\"n2-ss-layer n2-ow n-uc-1ac6423bc1692\" data-pm=\"default\" data-sstype=\"content\" data-hasbackground=\"0\"><div class=\"n2-ss-section-main-content n2-ss-layer-with-background n2-ss-layer-content n2-ow n-uc-1ac6423bc1692-inner\"><div class=\"n2-ss-layer n2-ow n-uc-bREBabLudDNb n2-ss-layer--auto\" data-pm=\"normal\" data-sstype=\"layer\"><div id=\"n2-ss-3item2\" class=\"n2-font-28bee13f3574d7032d767f09f9d8ee11-hover n2-style-f04cc1cbb7e5d123678bfad3a191fa78-heading   n2-ss-item-content n2-ss-text n2-ow\" style=\"display:inline-block;\">2x pro Woche frisches Gem\u00fcse<\/div><\/div><\/div><\/div><\/div><\/div><\/div><div data-slide-duration=\"0\" data-id=\"8\" data-slide-public-id=\"3\" aria-hidden=\"true\" data-title=\"vegan\" class=\"n2-ss-slide n2-ow  n2-ss-slide-8\"><div role=\"note\" class=\"n2-ss-slide--focus\" tabindex=\"-1\">vegan<\/div><div class=\"n2-ss-layers-container n2-ss-slide-limiter n2-ow\"><div class=\"n2-ss-layer n2-ow n-uc-yPRfFAYJZJKn\" data-sstype=\"slide\" data-pm=\"default\"><div class=\"n2-ss-layer n2-ow n-uc-149c70d29868d\" data-pm=\"default\" data-sstype=\"content\" data-hasbackground=\"0\"><div class=\"n2-ss-section-main-content n2-ss-layer-with-background n2-ss-layer-content n2-ow n-uc-149c70d29868d-inner\"><div class=\"n2-ss-layer n2-ow n-uc-aVd9zXLS35gc n2-ss-layer--auto\" data-pm=\"normal\" data-sstype=\"layer\"><div id=\"n2-ss-3item3\" class=\"n2-font-28bee13f3574d7032d767f09f9d8ee11-hover n2-style-f04cc1cbb7e5d123678bfad3a191fa78-heading   n2-ss-item-content n2-ss-text n2-ow\" style=\"display:inline-block;\">Ein K\u00fchlschrank voller veganer Produkte<\/div><\/div><\/div><\/div><\/div><\/div><\/div><div data-slide-duration=\"0\" data-id=\"10\" data-slide-public-id=\"4\" aria-hidden=\"true\" data-title=\"Wein\" class=\"n2-ss-slide n2-ow  n2-ss-slide-10\"><div role=\"note\" class=\"n2-ss-slide--focus\" tabindex=\"-1\">Wein<\/div><div class=\"n2-ss-layers-container n2-ss-slide-limiter n2-ow\"><div class=\"n2-ss-layer n2-ow n-uc-665xHGTxKBmi\" data-sstype=\"slide\" data-pm=\"default\"><div class=\"n2-ss-layer n2-ow n-uc-bkleN58Stzge\" data-pm=\"default\" data-sstype=\"content\" data-hasbackground=\"0\"><div class=\"n2-ss-section-main-content n2-ss-layer-with-background n2-ss-layer-content n2-ow n-uc-bkleN58Stzge-inner\"><div class=\"n2-ss-layer n2-ow n-uc-5kbkfQ9tj27e n2-ss-layer--auto\" data-pm=\"normal\" data-sstype=\"layer\"><div id=\"n2-ss-3item4\" class=\"n2-font-28bee13f3574d7032d767f09f9d8ee11-hover n2-style-f04cc1cbb7e5d123678bfad3a191fa78-heading   n2-ss-item-content n2-ss-text n2-ow\" style=\"display:inline-block;\">Ausgesuchte Weine direkt vom Winzer<\/div><\/div><\/div><\/div><\/div><\/div><\/div><div data-slide-duration=\"0\" data-id=\"11\" data-slide-public-id=\"5\" aria-hidden=\"true\" data-title=\"Backwaren\" class=\"n2-ss-slide n2-ow  n2-ss-slide-11\"><div role=\"note\" class=\"n2-ss-slide--focus\" tabindex=\"-1\">Backwaren<\/div><div class=\"n2-ss-layers-container n2-ss-slide-limiter n2-ow\"><div class=\"n2-ss-layer n2-ow n-uc-JMEFL6wobHXE\" data-sstype=\"slide\" data-pm=\"default\"><div class=\"n2-ss-layer n2-ow n-uc-x8L1WGtT0iBK\" data-pm=\"default\" data-sstype=\"content\" data-hasbackground=\"0\"><div class=\"n2-ss-section-main-content n2-ss-layer-with-background n2-ss-layer-content n2-ow n-uc-x8L1WGtT0iBK-inner\"><div class=\"n2-ss-layer n2-ow n-uc-7QznYjYN2kIY n2-ss-layer--auto\" data-pm=\"normal\" data-sstype=\"layer\"><div id=\"n2-ss-3item5\" class=\"n2-font-28bee13f3574d7032d767f09f9d8ee11-hover n2-style-f04cc1cbb7e5d123678bfad3a191fa78-heading   n2-ss-item-content n2-ss-text n2-ow\" style=\"display:inline-block;\">S\u00fc\u00dfes &amp; Herzhaftes t\u00e4glich frisch aufgebacken<\/div><\/div><\/div><\/div><\/div><\/div><\/div>                    <\/div>\n\n                                    <\/div>\n            <\/div>\n        <\/div>\n        <div class=\"n2-ss-slider-controls n2-ss-slider-controls-absolute-left-center\"><div style=\"--widget-offset:15px;\" class=\"n2-ss-widget nextend-arrow n2-ow-all nextend-arrow-previous  nextend-arrow-animated-fade\" id=\"n2-ss-3-arrow-previous\" role=\"button\" aria-label=\"previous arrow\" tabindex=\"0\"><img loading=\"lazy\" decoding=\"async\" width=\"32\" height=\"32\" class=\"n2-arrow-normal-img skip-lazy\" data-skip-lazy=\"1\" src=\"data:image\/svg+xml;base64,PHN2ZyB3aWR0aD0iMzIiIGhlaWdodD0iMzIiIHZpZXdCb3g9IjAgMCAzMiAzMiIgeG1sbnM9Imh0dHA6Ly93d3cudzMub3JnLzIwMDAvc3ZnIj4KICAgIDxwYXRoIGQ9Ik0xMS40MzMgMTUuOTkyTDIyLjY5IDUuNzEyYy4zOTMtLjM5LjM5My0xLjAzIDAtMS40Mi0uMzkzLS4zOS0xLjAzLS4zOS0xLjQyMyAwbC0xMS45OCAxMC45NGMtLjIxLjIxLS4zLjQ5LS4yODUuNzYtLjAxNS4yOC4wNzUuNTYuMjg0Ljc3bDExLjk4IDEwLjk0Yy4zOTMuMzkgMS4wMy4zOSAxLjQyNCAwIC4zOTMtLjQuMzkzLTEuMDMgMC0xLjQybC0xMS4yNTctMTAuMjkiCiAgICAgICAgICBmaWxsPSIjZmZmZmZmIiBvcGFjaXR5PSIwLjgiIGZpbGwtcnVsZT0iZXZlbm9kZCIvPgo8L3N2Zz4=\" alt=\"previous arrow\"><img loading=\"lazy\" decoding=\"async\" width=\"32\" height=\"32\" class=\"n2-arrow-hover-img skip-lazy\" data-skip-lazy=\"1\" src=\"data:image\/svg+xml;base64,PHN2ZyB3aWR0aD0iMzIiIGhlaWdodD0iMzIiIHZpZXdCb3g9IjAgMCAzMiAzMiIgeG1sbnM9Imh0dHA6Ly93d3cudzMub3JnLzIwMDAvc3ZnIj4KICAgIDxwYXRoIGQ9Ik0xMS40MzMgMTUuOTkyTDIyLjY5IDUuNzEyYy4zOTMtLjM5LjM5My0xLjAzIDAtMS40Mi0uMzkzLS4zOS0xLjAzLS4zOS0xLjQyMyAwbC0xMS45OCAxMC45NGMtLjIxLjIxLS4zLjQ5LS4yODUuNzYtLjAxNS4yOC4wNzUuNTYuMjg0Ljc3bDExLjk4IDEwLjk0Yy4zOTMuMzkgMS4wMy4zOSAxLjQyNCAwIC4zOTMtLjQuMzkzLTEuMDMgMC0xLjQybC0xMS4yNTctMTAuMjkiCiAgICAgICAgICBmaWxsPSIjZmZmZmZmIiBvcGFjaXR5PSIxIiBmaWxsLXJ1bGU9ImV2ZW5vZGQiLz4KPC9zdmc+\" alt=\"previous arrow\"><\/div><\/div><div class=\"n2-ss-slider-controls n2-ss-slider-controls-absolute-right-center\"><div style=\"--widget-offset:15px;\" class=\"n2-ss-widget nextend-arrow n2-ow-all nextend-arrow-next  nextend-arrow-animated-fade\" id=\"n2-ss-3-arrow-next\" role=\"button\" aria-label=\"next arrow\" tabindex=\"0\"><img loading=\"lazy\" decoding=\"async\" width=\"32\" height=\"32\" class=\"n2-arrow-normal-img skip-lazy\" data-skip-lazy=\"1\" src=\"data:image\/svg+xml;base64,PHN2ZyB3aWR0aD0iMzIiIGhlaWdodD0iMzIiIHZpZXdCb3g9IjAgMCAzMiAzMiIgeG1sbnM9Imh0dHA6Ly93d3cudzMub3JnLzIwMDAvc3ZnIj4KICAgIDxwYXRoIGQ9Ik0xMC43MjIgNC4yOTNjLS4zOTQtLjM5LTEuMDMyLS4zOS0xLjQyNyAwLS4zOTMuMzktLjM5MyAxLjAzIDAgMS40MmwxMS4yODMgMTAuMjgtMTEuMjgzIDEwLjI5Yy0uMzkzLjM5LS4zOTMgMS4wMiAwIDEuNDIuMzk1LjM5IDEuMDMzLjM5IDEuNDI3IDBsMTIuMDA3LTEwLjk0Yy4yMS0uMjEuMy0uNDkuMjg0LS43Ny4wMTQtLjI3LS4wNzYtLjU1LS4yODYtLjc2TDEwLjcyIDQuMjkzeiIKICAgICAgICAgIGZpbGw9IiNmZmZmZmYiIG9wYWNpdHk9IjAuOCIgZmlsbC1ydWxlPSJldmVub2RkIi8+Cjwvc3ZnPg==\" alt=\"next arrow\"><img loading=\"lazy\" decoding=\"async\" width=\"32\" height=\"32\" class=\"n2-arrow-hover-img skip-lazy\" data-skip-lazy=\"1\" src=\"data:image\/svg+xml;base64,PHN2ZyB3aWR0aD0iMzIiIGhlaWdodD0iMzIiIHZpZXdCb3g9IjAgMCAzMiAzMiIgeG1sbnM9Imh0dHA6Ly93d3cudzMub3JnLzIwMDAvc3ZnIj4KICAgIDxwYXRoIGQ9Ik0xMC43MjIgNC4yOTNjLS4zOTQtLjM5LTEuMDMyLS4zOS0xLjQyNyAwLS4zOTMuMzktLjM5MyAxLjAzIDAgMS40MmwxMS4yODMgMTAuMjgtMTEuMjgzIDEwLjI5Yy0uMzkzLjM5LS4zOTMgMS4wMiAwIDEuNDIuMzk1LjM5IDEuMDMzLjM5IDEuNDI3IDBsMTIuMDA3LTEwLjk0Yy4yMS0uMjEuMy0uNDkuMjg0LS43Ny4wMTQtLjI3LS4wNzYtLjU1LS4yODYtLjc2TDEwLjcyIDQuMjkzeiIKICAgICAgICAgIGZpbGw9IiNmZmZmZmYiIG9wYWNpdHk9IjEiIGZpbGwtcnVsZT0iZXZlbm9kZCIvPgo8L3N2Zz4=\" alt=\"next arrow\"><\/div><\/div><div class=\"n2-ss-slider-controls n2-ss-slider-controls-absolute-center-bottom\"><div style=\"--widget-offset:10px;\" class=\"n2-ss-widget n2-ss-control-bullet n2-ow-all n2-ss-control-bullet-horizontal\"><div class=\" nextend-bullet-bar n2-bar-justify-content-center\" role=\"group\" aria-label=\"Choose slide to display.\"><div class=\"n2-bullet n2-style-13586a9834f840c6e3b0e8ac4aa4b69c-dot \" style=\"visibility:hidden;\"><\/div><\/div><\/div><\/div><\/div><div class=\"n2-ss-slider-controls n2-ss-slider-controls-below\"><div class=\"n2-ss-widget nextend-shadow n2-ow-all\"><img decoding=\"async\" width=\"1120\" height=\"50\" style=\"display: block; width:100%;max-width:none;\" class=\"nextend-shadow-image skip-lazy\" loading=\"lazy\" data-skip-lazy=\"1\" src=\"https:\/\/www.mila-o.org\/wp-content\/plugins\/smart-slider-3\/Public\/SmartSlider3\/Widget\/Shadow\/ShadowImage\/Assets\/shadow\/dark.png\" alt=\"Shadow\"><\/div><\/div><\/div><\/div><ss3-loader><\/ss3-loader><\/div><\/div><div class=\"n2_clear\"><\/div><\/div>\n\n\n<figure class=\"wp-block-gallery has-nested-images columns-default is-cropped wp-block-gallery-1 is-layout-flex wp-block-gallery-is-layout-flex\">\n<figure class=\"wp-block-image size-large\"><img loading=\"lazy\" decoding=\"async\" width=\"2896\" height=\"1944\" data-id=\"410\" src=\"https:\/\/www.mila-o.org\/ftp:\/\/www.mila-o.org@ftp.jpberlin.de\/wp-content\/uploads\/2023\/08\/back05.jpg\" alt=\"\" class=\"wp-image-410\"\/><figcaption class=\"wp-element-caption\">S\u00fc\u00dfes und Herzhaftes<\/figcaption><\/figure>\n\n\n\n<figure class=\"wp-block-image size-large\"><img loading=\"lazy\" decoding=\"async\" width=\"2896\" height=\"1944\" data-id=\"413\" src=\"https:\/\/www.mila-o.org\/ftp:\/\/www.mila-o.org@ftp.jpberlin.de\/wp-content\/uploads\/2023\/08\/kaffee01.jpg\" alt=\"\" class=\"wp-image-413\"\/><figcaption class=\"wp-element-caption\">Fairer Kaffee<\/figcaption><\/figure>\n\n\n\n<figure class=\"wp-block-image size-full\"><img loading=\"lazy\" decoding=\"async\" width=\"228\" height=\"261\" data-id=\"273\" src=\"https:\/\/www.mila-o.org\/ftp:\/\/www.mila-o.org@ftp.jpberlin.de\/wp-content\/uploads\/2023\/07\/latest-news1-2.png\" alt=\"\" class=\"wp-image-273\"\/><figcaption class=\"wp-element-caption\">Bio-Erdbeeren<\/figcaption><\/figure>\n\n\n\n<figure class=\"wp-block-image size-full\"><img loading=\"lazy\" decoding=\"async\" width=\"230\" height=\"263\" data-id=\"160\" src=\"https:\/\/www.mila-o.org\/ftp:\/\/www.mila-o.org@ftp.jpberlin.de\/wp-content\/uploads\/2023\/07\/latest-news4.png\" alt=\"\" class=\"wp-image-160\"\/><figcaption class=\"wp-element-caption\">Gem\u00fcse und Salat<\/figcaption><\/figure>\n\n\n\n<figure class=\"wp-block-image size-full\"><img loading=\"lazy\" decoding=\"async\" width=\"2896\" height=\"1944\" data-id=\"409\" src=\"https:\/\/www.mila-o.org\/ftp:\/\/www.mila-o.org@ftp.jpberlin.de\/wp-content\/uploads\/2023\/08\/kraut01.jpg\" alt=\"\" class=\"wp-image-409\"\/><figcaption class=\"wp-element-caption\">Frische Kr\u00e4uter<\/figcaption><\/figure>\n\n\n\n<figure class=\"wp-block-image size-large\"><img loading=\"lazy\" decoding=\"async\" width=\"2896\" height=\"1944\" data-id=\"418\" src=\"https:\/\/www.mila-o.org\/ftp:\/\/www.mila-o.org@ftp.jpberlin.de\/wp-content\/uploads\/2023\/08\/beeren.jpg\" alt=\"\" class=\"wp-image-418\"\/><figcaption class=\"wp-element-caption\">Leckere Beeren<\/figcaption><\/figure>\n<\/figure>\n","protected":false},"excerpt":{"rendered":"<p>Bewusst ausgew\u00e4hlt Das Herzst\u00fcck des Mila O. ist sein Bio-Sortiment! Mit der Auswahl unseres Sortiments wollen wir einen Beitrag leisten zum Erhalt unserer Umwelt. Aus diesem Grund findet ihr bei uns eine reichhaltige Auswahl an unverpackten Lebensmitteln. \u00dcberdies besteht unser Sortiment zu einem gro\u00dfen Teil aus veganen Produkten. Der CO2-Reduktion wegen bevorzugen wir Lebensmittel aus [&hellip;]<\/p>\n","protected":false},"author":1,"featured_media":0,"parent":0,"menu_order":0,"comment_status":"closed","ping_status":"closed","template":"","meta":{"footnotes":""},"class_list":["post-8","page","type-page","status-publish","hentry"],"_links":{"self":[{"href":"https:\/\/www.mila-o.org\/index.php\/wp-json\/wp\/v2\/pages\/8","targetHints":{"allow":["GET"]}}],"collection":[{"href":"https:\/\/www.mila-o.org\/index.php\/wp-json\/wp\/v2\/pages"}],"about":[{"href":"https:\/\/www.mila-o.org\/index.php\/wp-json\/wp\/v2\/types\/page"}],"author":[{"embeddable":true,"href":"https:\/\/www.mila-o.org\/index.php\/wp-json\/wp\/v2\/users\/1"}],"replies":[{"embeddable":true,"href":"https:\/\/www.mila-o.org\/index.php\/wp-json\/wp\/v2\/comments?post=8"}],"version-history":[{"count":12,"href":"https:\/\/www.mila-o.org\/index.php\/wp-json\/wp\/v2\/pages\/8\/revisions"}],"predecessor-version":[{"id":650,"href":"https:\/\/www.mila-o.org\/index.php\/wp-json\/wp\/v2\/pages\/8\/revisions\/650"}],"wp:attachment":[{"href":"https:\/\/www.mila-o.org\/index.php\/wp-json\/wp\/v2\/media?parent=8"}],"curies":[{"name":"wp","href":"https:\/\/api.w.org\/{rel}","templated":true}]}}