{"id":351,"date":"2023-07-18T23:00:40","date_gmt":"2023-07-18T21:00:40","guid":{"rendered":"https:\/\/kunden.jpberlin.de\/mila-o\/www.mila-o.org\/?page_id=351"},"modified":"2025-08-26T10:15:20","modified_gmt":"2025-08-26T08:15:20","slug":"deine-mitgliedschaft-bei-uns","status":"publish","type":"page","link":"https:\/\/www.mila-o.org\/index.php\/deine-mitgliedschaft-bei-uns\/","title":{"rendered":"Deine Mitgliedschaft"},"content":{"rendered":"\n<p class=\"has-background\" style=\"background-color:#345c0012\">Unser Bioladen am Brauplatz soll m\u00f6glichst vielen Menschen einen gesunden und umweltbewussten, regionalen und fairen Einkauf erm\u00f6glichen. Deswegen haben wir uns f\u00fcr ein Mitglieder-Modell entschieden.<br><br>Das funktioniert so: Ihr findet in unserem Laden an jedem Produkt zwei Preise, den niedrigen Preis f\u00fcr Mitglieder und den h\u00f6heren f\u00fcr Nicht-Mitglieder. Mitglieder zahlen einen monatlichen Beitrag und finanzieren so die Strukturen, die diesen Laden erm\u00f6glichen. Andere Biol\u00e4den und Superm\u00e4rkte machen das mit ihrer Marge, das hei\u00dft, sie schlagen einen bestimmten Prozentsatz auf den Preis ihrer Produkte auf. Das macht die Produkte nat\u00fcrlich teurer. Unsere Mitglieder hingegen k\u00f6nnen zu deutlich g\u00fcnstigeren Preisen einkaufen. Wer im Mila O. ohne Mitgliedschaft einkaufen m\u00f6chte, kann dies nat\u00fcrlich sehr gerne tun &#8211; bezahlt dann aber den h\u00f6heren Preis.<br><br>Das Mitgliedermodell erm\u00f6glicht unserem <a href=\"https:\/\/www.mila-o.org\/index.php\/ueber-uns\/\" data-type=\"page\" data-id=\"445\">Kollektiv<\/a> eine geringere Abh\u00e4ngigkeit von Umsatz- und Preisschwankungen. Die Mitgliedsbeitr\u00e4ge sorgen f\u00fcr einen sicheren finanziellen Sockel. <br><br>Aber es geht uns noch um viel mehr: um gelebte Solidarit\u00e4t zwischen Mitgliedern und Kollektiv. So sorgt das Mitgliedermodell daf\u00fcr, dass wir qualitativ hochwertige und gesunde Lebensmittel und Produkte zu erschwinglichen Preisen anbieten k\u00f6nnen, die sich mehr Menschen leisten k\u00f6nnen.<br><br>Die Spanne zwischen den Mitgliedspreisen und den Nicht-Mitgliedspreisen ist so hoch, dass sich die Mitgliedschaft schon bei einem kleinen Einkauf pro Woche lohnt! Ihr unterst\u00fctzt mit eurem Beitrag einen kleinen unabh\u00e4ngigen Kollektivbetrieb, der viel Wert auf Klimaschutz und ein Miteinander auf Augenh\u00f6he legt.<br><br>Die Mitgliedschaft ist einfach abzuschlie\u00dfen und ebenso einfach wieder zu k\u00fcndigen. Mit Abgabe des Mitgliedsantrags (siehe unten) seid ihr entweder sofort oder zu einem gew\u00fcnschten Termin dabei. Zwar haben wir Beitr\u00e4ge vorgegeben, sind aber sehr verhandlungsbereit, falls ihr den vorgegebenen Beitrag nicht zahlen k\u00f6nnt oder vor\u00fcbergehend einen Engpass habt (oder gerade in der F\u00fclle seid und gerne jemand anderem solidarisch eine g\u00fcnstige Mitgliedschaft erm\u00f6glichen m\u00f6chtet, seid ihr jederzeit ebenso willkommen eure Beitr\u00e4ge zu erh\u00f6hen). Ebenso einfach ist es, die Mitgliedschaft ruhen zu lassen oder zu k\u00fcndigen, mit einer Frist von lediglich vier Wochen.<\/p>\n\n\n\n<p class=\"has-background\" style=\"background-color:#345c0012\">Wenn das euer Interesse geweckt hat, ladet euch gerne den Antrag herunter, f\u00fcllt ihn aus und gebt ihn im Laden ab oder schickt einen Scan oder Foto an <a href=\"mailto:kollektiv@mila-o.org\">kollektiv@mila-o.org<\/a>. <\/p>\n\n\n\n<p class=\"has-background\" style=\"background-color:#345c0012\"><strong>Hier gehts zum Antrag: <\/strong><\/p>\n\n\n\n<figure class=\"wp-block-image size-full\"><img loading=\"lazy\" decoding=\"async\" width=\"1169\" height=\"826\" src=\"https:\/\/www.mila-o.org\/ftp:\/\/www.mila-o.org@ftp.jpberlin.de\/wp-content\/uploads\/2024\/01\/beitrittserklaerung2024-01-17.jpg\" alt=\"\" class=\"wp-image-627\"\/><\/figure>\n\n\n\n<p class=\"has-background\" style=\"background-color:#345c0012\">Wenn ihr lediglich eine \u00c4nderung habt, zum Beispiel eine neue Bankverbindung, Umzug oder eine Beitrags\u00e4nderung, klickt auf den unten stehenden \u00c4nderungsantrag (ihr m\u00fcsst nur die Felder ausf\u00fcllen die sich ge\u00e4ndert haben): <\/p>\n\n\n\n<figure class=\"wp-block-image size-full\"><a href=\"https:\/\/www.mila-o.org\/ftp:\/\/www.mila-o.org@ftp.jpberlin.de\/wp-content\/uploads\/2023\/08\/aenderungsanzeige2018-09-20.pdf\" target=\"_blank\" rel=\"noreferrer noopener\"><img loading=\"lazy\" decoding=\"async\" width=\"765\" height=\"487\" src=\"https:\/\/www.mila-o.org\/ftp:\/\/www.mila-o.org@ftp.jpberlin.de\/wp-content\/uploads\/2023\/08\/DeepinScreenshot_select-area_20230810220250-1.png\" alt=\"\" class=\"wp-image-440\"\/><\/a><\/figure>\n\n\n\n<p class=\"has-background\" style=\"background-color:#345c0012\">Wir freuen uns euch als Mitglieder, bei uns auch Sternchen genannt, im Laden begr\u00fc\u00dfen zu d\u00fcrfen! <\/p>\n\n\n\n<p><\/p>\n","protected":false},"excerpt":{"rendered":"<p>Unser Bioladen am Brauplatz soll m\u00f6glichst vielen Menschen einen gesunden und umweltbewussten, regionalen und fairen Einkauf erm\u00f6glichen. Deswegen haben wir uns f\u00fcr ein Mitglieder-Modell entschieden. Das funktioniert so: Ihr findet in unserem Laden an jedem Produkt zwei Preise, den niedrigen Preis f\u00fcr Mitglieder und den h\u00f6heren f\u00fcr Nicht-Mitglieder. Mitglieder zahlen einen monatlichen Beitrag und finanzieren [&hellip;]<\/p>\n","protected":false},"author":1,"featured_media":0,"parent":0,"menu_order":0,"comment_status":"closed","ping_status":"closed","template":"","meta":{"footnotes":""},"class_list":["post-351","page","type-page","status-publish","hentry"],"_links":{"self":[{"href":"https:\/\/www.mila-o.org\/index.php\/wp-json\/wp\/v2\/pages\/351","targetHints":{"allow":["GET"]}}],"collection":[{"href":"https:\/\/www.mila-o.org\/index.php\/wp-json\/wp\/v2\/pages"}],"about":[{"href":"https:\/\/www.mila-o.org\/index.php\/wp-json\/wp\/v2\/types\/page"}],"author":[{"embeddable":true,"href":"https:\/\/www.mila-o.org\/index.php\/wp-json\/wp\/v2\/users\/1"}],"replies":[{"embeddable":true,"href":"https:\/\/www.mila-o.org\/index.php\/wp-json\/wp\/v2\/comments?post=351"}],"version-history":[{"count":21,"href":"https:\/\/www.mila-o.org\/index.php\/wp-json\/wp\/v2\/pages\/351\/revisions"}],"predecessor-version":[{"id":695,"href":"https:\/\/www.mila-o.org\/index.php\/wp-json\/wp\/v2\/pages\/351\/revisions\/695"}],"wp:attachment":[{"href":"https:\/\/www.mila-o.org\/index.php\/wp-json\/wp\/v2\/media?parent=351"}],"curies":[{"name":"wp","href":"https:\/\/api.w.org\/{rel}","templated":true}]}}