{"id":3,"date":"2023-07-05T07:58:11","date_gmt":"2023-07-05T05:58:11","guid":{"rendered":"https:\/\/kunden.jpberlin.de\/mila-o\/www.mila-o.org\/?page_id=3"},"modified":"2023-08-08T20:32:36","modified_gmt":"2023-08-08T18:32:36","slug":"privacy-policy","status":"publish","type":"page","link":"https:\/\/www.mila-o.org\/index.php\/privacy-policy\/","title":{"rendered":"Datenschutzerkl\u00e4rung"},"content":{"rendered":"\n<h2 class=\"wp-block-heading\">Wer wir sind<\/h2>\n\n\n\n<p>Die Adresse unserer Website ist: <a href=\"https:\/\/www.mila-o.org\" target=\"_blank\" rel=\"noreferrer noopener\">https:\/\/www.mila-o.org<\/a>.<\/p>\n\n\n\n<p>Im echten Leben findest du unseren Laden hier:<\/p>\n\n\n\n<p>Mila O. Dorf- und Mitgliederladen<\/p>\n\n\n\n<p>Am Brauplatz 4<\/p>\n\n\n\n<p>34260 Kaufungen<\/p>\n\n\n\n<p>\u200b<\/p>\n\n\n\n<h2 class=\"wp-block-heading\">Welche personenbezogenen Daten wir sammeln und warum wir sie sammeln<\/h2>\n\n\n\n<h2 class=\"wp-block-heading\">Kontaktformular<\/h2>\n\n\n\n<p>Wenn du uns \u00fcber das Kontaktformular eine Nachricht schreibst, ist das Feld mit deiner Emailadresse ein Pflichtfeld \u2013 sonst k\u00f6nnten wir dir ja auch nicht antworten. Diese Adresse verbleibt samt deiner Nachricht in unserem Nachrichtenarchiv (und wird weder f\u00fcr Marketingzwecke verwendet noch irgendwohin sonst \u00fcbermittelt) \u2013 es sei denn, du bittest uns, sie zu l\u00f6schen.<\/p>\n\n\n\n<h2 class=\"wp-block-heading\">Newsletter-Anmeldung<\/h2>\n\n\n\n<p>Wenn du dich auf unserer Seite f\u00fcr einen unserer Newsletter anmeldest und die Anmeldung in der Folge best\u00e4tigst, speichern wir deine Angaben so lange, wie du angemeldet bleibst. Wenn du den Newsletter abbestellst, l\u00f6schen wir deine Daten. Gespeichert wird die Emailadresse und die IP, von der aus du dich anmeldest \u2013 letztere nicht, weil sie uns in irgendeiner Weise interessieren w\u00fcrde, sondern weil wir verpflichtet sind, diese Daten zu verwahren, um ggfs. nachweisen zu k\u00f6nnen, dass wir wirklich eine freiwillige Anmeldung von dir selbst bekommen haben, und dich nicht etwa gegen deinen Willen zum Empfang unserer Nachrichten zwingen.<\/p>\n\n\n\n<p>Ung\u00fcltige, abgemeldete und nicht best\u00e4tigte Mailadressen l\u00f6schen wir regelm\u00e4\u00dfig samt aller ggfs. anh\u00e4ngenden Daten, mindestens aber alle drei Monate.&nbsp;<\/p>\n\n\n\n<h2 class=\"wp-block-heading\">Cookies<\/h2>\n\n\n\n<p>Diese Seite braucht Cookies, um festzustellen, ob ein Webseitenbesucher eingeloggt ist oder nicht. Diese Funktionalit\u00e4t brauchen wir, um selbst neue Inhalte einstellen zu k\u00f6nnen \u2013 au\u00dfer uns selbst hat niemand einen solchen Zugang, und die einzige Verwendung dieser Cookies ist, zwischen uns und euch zu unterscheiden.<\/p>\n\n\n\n<h2 class=\"wp-block-heading\">Eingebettete Inhalte von anderen Websites<\/h2>\n\n\n\n<p>Beitr\u00e4ge auf dieser Website k\u00f6nnen eingebettete Inhalte beinhalten (z. B. Videos, Bilder, Beitr\u00e4ge etc.). Eingebettete Inhalte von anderen Websites verhalten sich exakt so, als ob der Besucher die andere Website besucht h\u00e4tte.<\/p>\n\n\n\n<p>Diese Websites k\u00f6nnen Daten \u00fcber dich sammeln, Cookies benutzen, zus\u00e4tzliche Tracking-Dienste von Dritten einbetten und deine Interaktion mit diesem eingebetteten Inhalt aufzeichnen, inklusive deiner Interaktion mit dem eingebetteten Inhalt, falls du ein Konto hast und auf dieser Website angemeldet bist.<\/p>\n\n\n\n<h2 class=\"wp-block-heading\">Mit wem wir deine Daten teilen<\/h2>\n\n\n\n<p>Alle deine Daten liegen ausschlie\u00dflich bei uns rum, soll hei\u00dfen: Auf den Servern unseres in Deutschland sitzenden Webspace-Providers HostEurope. Wir \u00fcbermitteln diese Informationen unter keinen Umst\u00e4nden an niemanden sonst. \u00dcber die oben beschriebenen Zwecke hinaus verwenden wir sie f\u00fcr nichts anderes.<\/p>\n\n\n\n<h2 class=\"wp-block-heading\">Welche Rechte du an deinen Daten hast<\/h2>\n\n\n\n<p>Du kannst von uns jederzeit die L\u00f6schung aller personenbezogenen Daten, die wir von dir gespeichert haben, anfordern. Dies umfasst nicht die Daten, die wir aufgrund administrativer, rechtlicher oder sicherheitsrelevanter Notwendigkeiten aufbewahren m\u00fcssen. Wende dich daf\u00fcr einfach an <a href=\"mailto:marktkollektiv@lossehof.de\">kollektiv@mila-o.org<\/a>.<\/p>\n","protected":false},"excerpt":{"rendered":"<p>Wer wir sind Die Adresse unserer Website ist: https:\/\/www.mila-o.org. Im echten Leben findest du unseren Laden hier: Mila O. Dorf- und Mitgliederladen Am Brauplatz 4 34260 Kaufungen \u200b Welche personenbezogenen Daten wir sammeln und warum wir sie sammeln Kontaktformular Wenn du uns \u00fcber das Kontaktformular eine Nachricht schreibst, ist das Feld mit deiner Emailadresse ein [&hellip;]<\/p>\n","protected":false},"author":1,"featured_media":49,"parent":0,"menu_order":0,"comment_status":"closed","ping_status":"closed","template":"","meta":{"footnotes":""},"class_list":["post-3","page","type-page","status-publish","has-post-thumbnail","hentry"],"_links":{"self":[{"href":"https:\/\/www.mila-o.org\/index.php\/wp-json\/wp\/v2\/pages\/3","targetHints":{"allow":["GET"]}}],"collection":[{"href":"https:\/\/www.mila-o.org\/index.php\/wp-json\/wp\/v2\/pages"}],"about":[{"href":"https:\/\/www.mila-o.org\/index.php\/wp-json\/wp\/v2\/types\/page"}],"author":[{"embeddable":true,"href":"https:\/\/www.mila-o.org\/index.php\/wp-json\/wp\/v2\/users\/1"}],"replies":[{"embeddable":true,"href":"https:\/\/www.mila-o.org\/index.php\/wp-json\/wp\/v2\/comments?post=3"}],"version-history":[{"count":2,"href":"https:\/\/www.mila-o.org\/index.php\/wp-json\/wp\/v2\/pages\/3\/revisions"}],"predecessor-version":[{"id":430,"href":"https:\/\/www.mila-o.org\/index.php\/wp-json\/wp\/v2\/pages\/3\/revisions\/430"}],"wp:featuredmedia":[{"embeddable":true,"href":"https:\/\/www.mila-o.org\/index.php\/wp-json\/wp\/v2\/media\/49"}],"wp:attachment":[{"href":"https:\/\/www.mila-o.org\/index.php\/wp-json\/wp\/v2\/media?parent=3"}],"curies":[{"name":"wp","href":"https:\/\/api.w.org\/{rel}","templated":true}]}}