{"id":243,"date":"2023-07-18T18:46:31","date_gmt":"2023-07-18T16:46:31","guid":{"rendered":"https:\/\/kunden.jpberlin.de\/mila-o\/www.mila-o.org\/index.php\/contact-3\/"},"modified":"2023-08-15T19:43:25","modified_gmt":"2023-08-15T17:43:25","slug":"contact-3","status":"publish","type":"page","link":"https:\/\/www.mila-o.org\/index.php\/contact-3\/","title":{"rendered":"Kontakt"},"content":{"rendered":"\n<div class=\"wp-block-group has-background has-global-padding is-layout-constrained wp-block-group-is-layout-constrained\" style=\"background-color:#9b51e014\">\n<p>Am liebsten ist es uns, du schreibst uns eine E-Mail an diese Adresse:<\/p>\n\n\n\n<p><a href=\"mailto:kollektiv@mila-o.org\" target=\"_blank\" rel=\"noreferrer noopener\">kollektiv@mila-o.org<\/a> <\/p>\n\n\n\n<p>W\u00e4hrend unserer \u00d6ffnungszeiten kannst du uns aber auch telefonisch erreichen unter <\/p>\n\n\n\n<p class=\"has-secondary-color has-text-color\">05605 \u2013 9271714<\/p>\n\n\n\n<p>Du kannst auch das unten stehende <strong>Kontaktformular<\/strong> benutzen:<\/p>\n<\/div>\n\n\n\n<div class=\"wp-block-contact-form-7-contact-form-selector\">\n<div class=\"wpcf7 no-js\" id=\"wpcf7-f86-o1\" lang=\"de-DE\" dir=\"ltr\" data-wpcf7-id=\"86\">\n<div class=\"screen-reader-response\"><p role=\"status\" aria-live=\"polite\" aria-atomic=\"true\"><\/p> <ul><\/ul><\/div>\n<form action=\"\/index.php\/wp-json\/wp\/v2\/pages\/243#wpcf7-f86-o1\" method=\"post\" class=\"wpcf7-form init\" aria-label=\"Kontaktformular\" novalidate=\"novalidate\" data-status=\"init\">\n<fieldset class=\"hidden-fields-container\"><input type=\"hidden\" name=\"_wpcf7\" value=\"86\" \/><input type=\"hidden\" name=\"_wpcf7_version\" value=\"6.1.5\" \/><input type=\"hidden\" name=\"_wpcf7_locale\" value=\"de_DE\" \/><input type=\"hidden\" name=\"_wpcf7_unit_tag\" value=\"wpcf7-f86-o1\" \/><input type=\"hidden\" name=\"_wpcf7_container_post\" value=\"0\" \/><input type=\"hidden\" name=\"_wpcf7_posted_data_hash\" value=\"\" \/>\n<\/fieldset>\n<p><label> Dein Name<br \/>\n<span class=\"wpcf7-form-control-wrap\" data-name=\"your-name\"><input size=\"40\" maxlength=\"400\" class=\"wpcf7-form-control wpcf7-text wpcf7-validates-as-required\" autocomplete=\"name\" aria-required=\"true\" aria-invalid=\"false\" value=\"\" type=\"text\" name=\"your-name\" \/><\/span> <\/label>\n<\/p>\n<p><label> Deine E-Mail-Adresse<br \/>\n<span class=\"wpcf7-form-control-wrap\" data-name=\"your-email\"><input size=\"40\" maxlength=\"400\" class=\"wpcf7-form-control wpcf7-email wpcf7-validates-as-required wpcf7-text wpcf7-validates-as-email\" autocomplete=\"email\" aria-required=\"true\" aria-invalid=\"false\" value=\"\" type=\"email\" name=\"your-email\" \/><\/span> <\/label>\n<\/p>\n<p><label> Betreff<br \/>\n<span class=\"wpcf7-form-control-wrap\" data-name=\"your-subject\"><input size=\"40\" maxlength=\"400\" class=\"wpcf7-form-control wpcf7-text wpcf7-validates-as-required\" aria-required=\"true\" aria-invalid=\"false\" value=\"\" type=\"text\" name=\"your-subject\" \/><\/span> <\/label>\n<\/p>\n<p><label> Deine Nachricht<br \/>\n<span class=\"wpcf7-form-control-wrap\" data-name=\"your-message\"><textarea cols=\"40\" rows=\"10\" maxlength=\"2000\" class=\"wpcf7-form-control wpcf7-textarea\" aria-invalid=\"false\" name=\"your-message\"><\/textarea><\/span> <\/label>\n<\/p>\n<p><input class=\"wpcf7-form-control wpcf7-submit has-spinner\" type=\"submit\" value=\"Senden\" \/>\n<\/p><div class=\"wpcf7-response-output\" aria-hidden=\"true\"><\/div>\n<\/form>\n<\/div>\n<\/div>\n\n\n\n<h2 class=\"wp-block-heading\">Anreise<\/h2>\n\n\n\n<p class=\"has-background\" style=\"background-color:#9b51e014\">Hier findet ihr den Mila O.:<\/p>\n\n\n\n<div class=\"wp-block-group has-global-padding is-layout-constrained wp-block-group-is-layout-constrained\">\n<iframe loading=\"lazy\" width=\"425\" height=\"350\" src=\"https:\/\/www.openstreetmap.org\/export\/embed.html?bbox=9.632622599601747%2C51.281370365085124%2C9.63551938533783%2C51.28274606834517&amp;layer=mapnik&amp;marker=51.28205822186558%2C9.634070992469788\" style=\"border: 1px solid black\"><\/iframe><br\/><small><a href=\"https:\/\/www.openstreetmap.org\/?mlat=51.28206&amp;mlon=9.63407#map=19\/51.28206\/9.63407\">Gr\u00f6\u00dfere Karte anzeigen<\/a><\/small>\n<\/div>\n\n\n\n<p class=\"has-background\" style=\"background-color:#9b51e014\">Mit der <a href=\"https:\/\/www.nvv.de\/\" data-type=\"link\" data-id=\"https:\/\/www.nvv.de\/\">Tram-Linie 4<\/a> ist der Laden gut zu erreichen, einfach bis &#8222;Oberkaufungen Mitte&#8220; fahren, die Sensensteinstra\u00dfe nehmen um dann links auf die Leipziger Stra\u00dfe einzubiegen. Nach 500 Metern rechts ist schon die Stra\u00dfe Am Brauplatz. <\/p>\n\n\n\n<p class=\"has-background\" style=\"background-color:#9b51e014\">Sowohl vor dem Laden als auch neben dem Laden gibt es Fahrrad-Stellpl\u00e4tze. Das Parken auf dem inneren Bereich des Brauplatzes ist nicht gestattet. Jedoch sind alle gekennzeichneten Parkpl\u00e4tze auf dem Brauplatz \u00f6ffentliche Parkpl\u00e4tze, nicht nur die drei vor dem Laden. Ihr k\u00f6nnt auch an der Leipziger Stra\u00dfe parken, dort aber eine Parkscheibe einlegen, die Parkdauer ist auf zwei Stunden begrenzt. <\/p>\n","protected":false},"excerpt":{"rendered":"<p>Am liebsten ist es uns, du schreibst uns eine E-Mail an diese Adresse: kollektiv@mila-o.org W\u00e4hrend unserer \u00d6ffnungszeiten kannst du uns aber auch telefonisch erreichen unter 05605 \u2013 9271714 Du kannst auch das unten stehende Kontaktformular benutzen: Anreise Hier findet ihr den Mila O.: Gr\u00f6\u00dfere Karte anzeigen Mit der Tram-Linie 4 ist der Laden gut zu [&hellip;]<\/p>\n","protected":false},"author":1,"featured_media":0,"parent":0,"menu_order":0,"comment_status":"closed","ping_status":"closed","template":"","meta":{"footnotes":""},"class_list":["post-243","page","type-page","status-publish","hentry"],"_links":{"self":[{"href":"https:\/\/www.mila-o.org\/index.php\/wp-json\/wp\/v2\/pages\/243","targetHints":{"allow":["GET"]}}],"collection":[{"href":"https:\/\/www.mila-o.org\/index.php\/wp-json\/wp\/v2\/pages"}],"about":[{"href":"https:\/\/www.mila-o.org\/index.php\/wp-json\/wp\/v2\/types\/page"}],"author":[{"embeddable":true,"href":"https:\/\/www.mila-o.org\/index.php\/wp-json\/wp\/v2\/users\/1"}],"replies":[{"embeddable":true,"href":"https:\/\/www.mila-o.org\/index.php\/wp-json\/wp\/v2\/comments?post=243"}],"version-history":[{"count":11,"href":"https:\/\/www.mila-o.org\/index.php\/wp-json\/wp\/v2\/pages\/243\/revisions"}],"predecessor-version":[{"id":547,"href":"https:\/\/www.mila-o.org\/index.php\/wp-json\/wp\/v2\/pages\/243\/revisions\/547"}],"wp:attachment":[{"href":"https:\/\/www.mila-o.org\/index.php\/wp-json\/wp\/v2\/media?parent=243"}],"curies":[{"name":"wp","href":"https:\/\/api.w.org\/{rel}","templated":true}]}}