{"id":11,"date":"2023-07-05T14:31:18","date_gmt":"2023-07-05T12:31:18","guid":{"rendered":"https:\/\/kunden.jpberlin.de\/mila-o\/www.mila-o.org\/?page_id=11"},"modified":"2026-02-11T11:24:25","modified_gmt":"2026-02-11T10:24:25","slug":"lieferantinnen","status":"publish","type":"page","link":"https:\/\/www.mila-o.org\/index.php\/lieferantinnen\/","title":{"rendered":"Unsere Lieferant*innen"},"content":{"rendered":"\n<h3 class=\"wp-block-heading has-vivid-purple-color has-text-color\" style=\"font-style:normal;font-weight:600\">Wer liefert was &amp; wann<\/h3>\n\n\n\n<h4 class=\"wp-block-heading\">Dienstags<\/h4>\n\n\n\n<p class=\"has-background\" style=\"background-color:#7bdbb524\">Unser Bio-Gro\u00dfhandel <a href=\"https:\/\/www.naturkost-elkershausen.de\/\" data-type=\"URL\" data-id=\"https:\/\/www.naturkost-elkershausen.de\/\" target=\"_blank\" rel=\"noreferrer noopener\">Naturkost Elkershausen<\/a> bringt alle bestellten Waren und frisches Obst und Gem\u00fcse. <a href=\"https:\/\/www.gutkragenhof.de\/\" data-type=\"URL\" data-id=\"https:\/\/www.gutkragenhof.de\/\" target=\"_blank\" rel=\"noreferrer noopener\">Gut Kragenhof<\/a> bringt frisches Brot und k\u00f6stliche Nussecken.<br>Ungef\u00e4hr einmal im Monat kommt delikater direkt vermarkteter Wein vom \u00f6kologischen <a href=\"https:\/\/www.weingut-wedekind.de\/index.html\" target=\"_blank\" rel=\"noreferrer noopener\">Weingut Wedekind<\/a> in Rheinhessen.<\/p>\n\n\n\n<h4 class=\"wp-block-heading\">Mittwochs<\/h4>\n\n\n\n<p class=\"has-background\" style=\"background-color:#7bdbb524\">Der <a href=\"http:\/\/www.eschenhof-online.de\/\" data-type=\"URL\" data-id=\"http:\/\/www.eschenhof-online.de\/\" target=\"_blank\" rel=\"noreferrer noopener\">Eschenhof<\/a> in Altenhasungen bringt frisches Gem\u00fcse, Kr\u00e4uter, Brot, Br\u00f6tchen, Vollmilch, Joghurt und Quark, alles aus eigener Herstellung! Die Milchprodukte sind aus <a href=\"https:\/\/solawi-eschenhof.de\/muttergebundene-kaelberaufzucht\/\" target=\"_blank\" rel=\"noreferrer noopener\">muttergebundener K\u00e4lberaufzucht<\/a>. Mittwochnachmittag ist auch der Zeitpunkt, an dem unsere Lebewurst, die vegane Leberwurstalternative aus der <a href=\"https:\/\/www.lossehof.de\/konzept\/vom-acker-in-die-kuche-in-die-vorratskammer\/\" data-type=\"URL\" data-id=\"https:\/\/www.lossehof.de\/konzept\/vom-acker-in-die-kuche-in-die-vorratskammer\/\" target=\"_blank\" rel=\"noreferrer noopener\">Lossek\u00fcche<\/a> kommt. Unregelm\u00e4\u00dfig kommt Kasseler Bio-Eis vom <a href=\"http:\/\/www.cortina-bio-kassel.de\" data-type=\"URL\" data-id=\"www.cortina-bio-kassel.de\" target=\"_blank\" rel=\"noreferrer noopener\">Eiscaf\u00e9 Cortina<\/a>, auch mit leckeren veganen Sorten. Ebenso k\u00f6stliches, veganes Eis in abwechslungsreichen, spannenden Sorten bekommen wir im Sommer von der Eisdiele <a href=\"https:\/\/www.facebook.com\/Eisdielefrohnatur\/?locale=de_DE\" target=\"_blank\" rel=\"noreferrer noopener\">Frohnatur<\/a>.<\/p>\n\n\n\n<h4 class=\"wp-block-heading\">Donnerstags<\/h4>\n\n\n\n<p class=\"has-background\" style=\"background-color:#7bdbb524\">Unser Bio-Gro\u00dfhandel <a href=\"https:\/\/www.naturkost-elkershausen.de\/\" data-type=\"URL\" data-id=\"https:\/\/www.naturkost-elkershausen.de\/\" target=\"_blank\" rel=\"noreferrer noopener\">Naturkost Elkershausen<\/a> beliefert uns mit Trockenprodukten und frischem Obst und Gem\u00fcse. <a href=\"https:\/\/www.cafe-libertad.de\/\" data-type=\"URL\" data-id=\"https:\/\/www.cafe-libertad.de\/\" target=\"_blank\" rel=\"noreferrer noopener\">Caf\u00e9 Libertad<\/a>, der solidarisch gehandelte Kaffee von den revolution\u00e4ren Zapatistas aus Mexiko kommt oft donnerstags und <a href=\"https:\/\/www.rapunzel.de\/\" data-type=\"URL\" data-id=\"https:\/\/www.rapunzel.de\/\" target=\"_blank\" rel=\"noreferrer noopener\">Rapunzel<\/a>, zu denen zum Beispiel auch die leckeren Zwergenwiese-Aufstriche geh\u00f6ren, liefern auch oft zum Wochenende hin.<\/p>\n\n\n\n<h4 class=\"wp-block-heading\">Freitags<\/h4>\n\n\n\n<p class=\"has-background\" style=\"background-color:#7bdbb524\">Der <a href=\"https:\/\/www.kommune-niederkaufungen.de\/uber-uns\/arbeitsbereiche\/landwirtschaft\/\" data-type=\"URL\" data-id=\"https:\/\/www.kommune-niederkaufungen.de\/uber-uns\/arbeitsbereiche\/landwirtschaft\/\" target=\"_blank\" rel=\"noreferrer noopener\">Hof Birkengrund<\/a> liefert K\u00e4se und Joghurt aus der Kommune Niederkaufungen. Auch das <a href=\"https:\/\/www.kommune-niederkaufungen.de\/gemuesebaukollektiv\/\" data-type=\"link\" data-id=\"https:\/\/www.kommune-niederkaufungen.de\/gemuesebaukollektiv\/\" target=\"_blank\" rel=\"noreferrer noopener\">Gem\u00fcsebaukollektiv<\/a> aus Niederkaufungen beliefert uns mit frischen Kr\u00e4utern, Kartoffeln und saisonalem Gem\u00fcse direkt vom Acker. Auch am Mittwoch beliefert uns der Eschenhof seit Februar 2026 mit Brot, Gem\u00fcse, Milch, Joghurt und Quark! Unregelm\u00e4\u00dfig kommt auch der neue Honig aus wesensgem\u00e4\u00dfer Haltung von der <a href=\"https:\/\/fuchsmuehle.org\/fuchsimkerei\/\" data-type=\"link\" data-id=\"https:\/\/fuchsmuehle.org\/fuchsimkerei\/\" target=\"_blank\" rel=\"noreferrer noopener\">Fuchsimkerei<\/a> der Fuchsm\u00fchle in Waldkappel. Unsere Bio-Eier von H\u00fchnern, die im mobilen H\u00fchnerstall gehalten werden, kommen freitags vom <a href=\"https:\/\/www.instagram.com\/jakobshof_kleinalmerode\/\" target=\"_blank\" rel=\"noreferrer noopener\">Jakobshof<\/a>.<\/p>\n\n\n\n<figure class=\"wp-block-gallery has-nested-images columns-default is-cropped wp-block-gallery-1 is-layout-flex wp-block-gallery-is-layout-flex\">\n<figure class=\"wp-block-image size-large\"><img loading=\"lazy\" decoding=\"async\" width=\"2896\" height=\"1944\" data-id=\"371\" src=\"https:\/\/www.mila-o.org\/ftp:\/\/www.mila-o.org@ftp.jpberlin.de\/wp-content\/uploads\/2023\/08\/kaese02.jpg\" alt=\"\" class=\"wp-image-371\"\/><figcaption class=\"wp-element-caption\">K\u00e4se aus Kaufungen<\/figcaption><\/figure>\n\n\n\n<figure class=\"wp-block-image size-large\"><img loading=\"lazy\" decoding=\"async\" width=\"3264\" height=\"2448\" data-id=\"426\" src=\"https:\/\/www.mila-o.org\/ftp:\/\/www.mila-o.org@ftp.jpberlin.de\/wp-content\/uploads\/2023\/08\/KONK.jpg\" alt=\"\" class=\"wp-image-426\"\/><figcaption class=\"wp-element-caption\">Regionale Milchprodukte<\/figcaption><\/figure>\n\n\n\n<figure class=\"wp-block-image size-large\"><img loading=\"lazy\" decoding=\"async\" width=\"2896\" height=\"1944\" data-id=\"424\" src=\"https:\/\/www.mila-o.org\/ftp:\/\/www.mila-o.org@ftp.jpberlin.de\/wp-content\/uploads\/2023\/08\/regiomehl-blitz.jpg\" alt=\"\" class=\"wp-image-424\"\/><figcaption class=\"wp-element-caption\">Mehle aus der Region<\/figcaption><\/figure>\n<\/figure>\n","protected":false},"excerpt":{"rendered":"<p>Wer liefert was &amp; wann Dienstags Unser Bio-Gro\u00dfhandel Naturkost Elkershausen bringt alle bestellten Waren und frisches Obst und Gem\u00fcse. Gut Kragenhof bringt frisches Brot und k\u00f6stliche Nussecken.Ungef\u00e4hr einmal im Monat kommt delikater direkt vermarkteter Wein vom \u00f6kologischen Weingut Wedekind in Rheinhessen. Mittwochs Der Eschenhof in Altenhasungen bringt frisches Gem\u00fcse, Kr\u00e4uter, Brot, Br\u00f6tchen, Vollmilch, Joghurt und [&hellip;]<\/p>\n","protected":false},"author":1,"featured_media":0,"parent":0,"menu_order":0,"comment_status":"closed","ping_status":"closed","template":"","meta":{"footnotes":""},"class_list":["post-11","page","type-page","status-publish","hentry"],"_links":{"self":[{"href":"https:\/\/www.mila-o.org\/index.php\/wp-json\/wp\/v2\/pages\/11","targetHints":{"allow":["GET"]}}],"collection":[{"href":"https:\/\/www.mila-o.org\/index.php\/wp-json\/wp\/v2\/pages"}],"about":[{"href":"https:\/\/www.mila-o.org\/index.php\/wp-json\/wp\/v2\/types\/page"}],"author":[{"embeddable":true,"href":"https:\/\/www.mila-o.org\/index.php\/wp-json\/wp\/v2\/users\/1"}],"replies":[{"embeddable":true,"href":"https:\/\/www.mila-o.org\/index.php\/wp-json\/wp\/v2\/comments?post=11"}],"version-history":[{"count":16,"href":"https:\/\/www.mila-o.org\/index.php\/wp-json\/wp\/v2\/pages\/11\/revisions"}],"predecessor-version":[{"id":722,"href":"https:\/\/www.mila-o.org\/index.php\/wp-json\/wp\/v2\/pages\/11\/revisions\/722"}],"wp:attachment":[{"href":"https:\/\/www.mila-o.org\/index.php\/wp-json\/wp\/v2\/media?parent=11"}],"curies":[{"name":"wp","href":"https:\/\/api.w.org\/{rel}","templated":true}]}}